{"id":3998,"date":"2024-01-20T12:17:13","date_gmt":"2024-01-20T12:17:13","guid":{"rendered":"http:\/\/mladite.ro\/?post_type=product&#038;p=3998"},"modified":"2024-04-17T07:52:05","modified_gmt":"2024-04-17T07:52:05","slug":"mladite-bumbac","status":"publish","type":"product","link":"https:\/\/mladite.ro\/index.php\/product\/mladite-bumbac\/","title":{"rendered":"Ml\u0103di\u021be de Bumbac"},"content":{"rendered":"<p><span style=\"color: #000000;\"><b>Recomand\u0103ri<\/b> <b>suplimentare<\/b><b>:<\/b><\/span><\/p>\n<p><span style=\"color: #000000;\">Nu utiliza\u021bi detergent ce con\u021bine \u00een\u0103lbitor<\/span><\/p>\n<p><span style=\"color: #000000;\">Temperatura de sp\u0103lare: 30 grade<\/span><\/p>\n<p><span style=\"color: #000000;\">C\u0103lcare cu abur<\/span><\/p>\n","protected":false},"excerpt":{"rendered":"<ol>\n<li><span style=\"color: #000000;\">P\u0103turic\u0103 pentru bebelu\u0219 de dimensiuni mari 90&#215;90 cm din muselin\u0103 dublat\u0103, 100% bumbac organic dublu aerat, culoare alb. Se poate folosi zi de zi, mult timp dup\u0103 botez.<\/span><\/li>\n<li><span style=\"color: #000000;\">Prosop pentru preot din muselin\u0103 alb\u0103 30X30 cm<\/span><\/li>\n<li><span style=\"color: #000000;\">P\u00e2nz\u0103 de mir din muselin\u0103 alb\u0103 100% bumbac organic dublu aerat, 90\u00d790 cm, brodat\u0103 cu numele bebelu\u0219ului.<\/span><\/li>\n<li><span style=\"color: #000000;\">Fa\u0219\u0103 pentru lum\u00e2narea de botez, 140 cm, brodat\u0103 cu numele bebelusului<\/span><\/li>\n<li><span style=\"color: #000000;\">Sticlu\u021b\u0103 din ceramic\u0103 pentru uleiul de mir, realizat\u0103 manual. Glazur\u0103: Ivoire, roz sau albastru<\/span><\/li>\n<li><span style=\"color: #000000;\">S\u0103pun pentru preot, realizat \u00een Rom\u00e2nia din g\u0103lbenele, lavand\u0103 sau scor\u021bi\u0219oar\u0103. S\u0103punul nu este de obicei folosit \u00een biseric\u0103 av\u00e2nd un caracter simbolic, de aceea am ales ni\u0219te re\u021bete bl\u00e2nde pentru pielea bebelu\u0219ilor pentru a se putea folosi acas\u0103 \u0219i de c\u0103tre cei mici.<\/span><\/li>\n<li><span style=\"color: #000000;\">Bave\u021bic\u0103 din muselin\u0103 dublat\u0103 alb\u0103, 30&#215;40 cm<\/span><\/li>\n<li><span style=\"color: #000000;\">Co\u0219 din r\u0103chit\u0103 pentru ambalarea trusoului, \u00eempletit \u00een Rom\u00e2nia<\/span><\/li>\n<li><span style=\"color: #000000;\">Pentru fiecare trusou comandat plant\u0103m un copac \u00een Rom\u00e2nia cu ajutorul Asocia\u021biei Mai Mult Verde<\/span><\/li>\n<\/ol>\n","protected":false},"featured_media":4001,"comment_status":"open","ping_status":"closed","template":"","meta":{"_acf_changed":false},"product_cat":[92],"product_tag":[],"class_list":{"0":"post-3998","1":"product","2":"type-product","3":"status-publish","4":"has-post-thumbnail","6":"product_cat-trusouri-de-botez","8":"first","9":"instock","10":"shipping-taxable","11":"purchasable","12":"product-type-variable"},"acf":[],"_links":{"self":[{"href":"https:\/\/mladite.ro\/index.php\/wp-json\/wp\/v2\/product\/3998","targetHints":{"allow":["GET"]}}],"collection":[{"href":"https:\/\/mladite.ro\/index.php\/wp-json\/wp\/v2\/product"}],"about":[{"href":"https:\/\/mladite.ro\/index.php\/wp-json\/wp\/v2\/types\/product"}],"replies":[{"embeddable":true,"href":"https:\/\/mladite.ro\/index.php\/wp-json\/wp\/v2\/comments?post=3998"}],"wp:featuredmedia":[{"embeddable":true,"href":"https:\/\/mladite.ro\/index.php\/wp-json\/wp\/v2\/media\/4001"}],"wp:attachment":[{"href":"https:\/\/mladite.ro\/index.php\/wp-json\/wp\/v2\/media?parent=3998"}],"wp:term":[{"taxonomy":"product_cat","embeddable":true,"href":"https:\/\/mladite.ro\/index.php\/wp-json\/wp\/v2\/product_cat?post=3998"},{"taxonomy":"product_tag","embeddable":true,"href":"https:\/\/mladite.ro\/index.php\/wp-json\/wp\/v2\/product_tag?post=3998"}],"curies":[{"name":"wp","href":"https:\/\/api.w.org\/{rel}","templated":true}]}}