{"id":4128,"date":"2024-03-12T16:05:31","date_gmt":"2024-03-12T16:05:31","guid":{"rendered":"http:\/\/mladite.ro\/?page_id=4128"},"modified":"2024-03-22T08:49:45","modified_gmt":"2024-03-22T08:49:45","slug":"politica-de-confidentialitate","status":"publish","type":"page","link":"https:\/\/mladite.ro\/index.php\/politica-de-confidentialitate\/","title":{"rendered":"Politica de confiden\u021bialitate"},"content":{"rendered":"\n<ol class=\"wp-block-list\">\n<li><strong>Identitatea&nbsp;<\/strong><\/li>\n<\/ol>\n\n\n\n<p>Dac\u0103 ai \u00eentreb\u0103ri cu privire la aceast\u0103 politic\u0103 de confiden\u021bialitate, ne po\u021bi contacta utiliz\u00e2nd informa\u021biile de mai jos.<\/p>\n\n\n\n<p>Telefon: 0740.990.458&nbsp;<\/p>\n\n\n\n<p>E-mail:&nbsp;victor@mladite.ro&nbsp;<\/p>\n\n\n\n<p>Clien\u021bii no\u0219tri pot trimite \u00eentreb\u0103ri \u00een leg\u0103tur\u0103 cu protec\u021bia datelor, confiden\u021bialitatea \u0219i securitatea datelor cu caracter personal la adresa de mail de mai sus.<\/p>\n\n\n\n<figure class=\"wp-block-image\"><img decoding=\"async\" src=\"blob:https:\/\/mladite.ro\/58fe9df8-c400-4075-8473-67ea0699e95d\" alt=\"pastedGraphic.png\"\/><\/figure>\n\n\n\n<ol class=\"wp-block-list\" start=\"2\">\n<li><strong>Ce informa\u021bii p\u0103str\u0103m?<\/strong><\/li>\n<\/ol>\n\n\n\n<p>Po\u021bi vizita site-ul nostru \u00een mod anonim. \u00cen acest caz vom colecta doar date anonime<\/p>\n\n\n\n<p>Dac\u0103 alegi s\u0103 faci o comand\u0103 vom procesa urm\u0103toarele date:<\/p>\n\n\n\n<ol class=\"wp-block-list\">\n<li>Nume si Prenume<\/li>\n\n\n\n<li>adresa de e-mail&nbsp;<\/li>\n\n\n\n<li>telefon<\/li>\n\n\n\n<li>adresa (pentru livrare)<\/li>\n<\/ol>\n\n\n\n<ol class=\"wp-block-list\" start=\"3\">\n<li><strong>Pentru ce folosim informa\u021biile tale?<\/strong><\/li>\n<\/ol>\n\n\n\n<p>Orice informa\u021bie pe care o colect\u0103m de la tine poate fi utilizat\u0103 pentru unul sau mai multe din urm\u0103toarele scopuri:<\/p>\n\n\n\n<ol class=\"wp-block-list\">\n<li>Pentru a \u00eembun\u0103t\u0103\u021bi site-ul, DYE DREAMERS STL \u00eencearc\u0103 s\u0103 \u00eembun\u0103t\u0103\u021beasc\u0103 ofertele site-ului nostru pe baza informa\u021biilor \u0219i feedback-ului pe care le primim de la clien\u021bi<\/li>\n\n\n\n<li>Pentru a te identifica ca parte contractant\u0103;<\/li>\n\n\n\n<li>Pentru a stabili un canal principal de comunicare (e-mail, telefon, adres\u0103, nume, prenume);<\/li>\n<\/ol>\n\n\n\n<ol class=\"wp-block-list\" start=\"4\">\n<li><strong>Baza legal\u0103<\/strong><\/li>\n<\/ol>\n\n\n\n<p><strong>Regulamentul UE privind protec\u021bia general\u0103 a datelor (GDPR)<\/strong><\/p>\n\n\n\n<p>Prelucrarea datelor tale se face fie pe baza consim\u021b\u0103m\u00e2ntului t\u0103u, fie \u00een cazul \u00een care prelucrarea este necesar\u0103 pentru executarea unui contract la care e\u0219ti parte sau pentru a lua m\u0103suri la solicitarea ta \u00eenainte de a \u00eencheia un contract, cf. GDPR art. 6 (1) (a) &#8211; (b).<\/p>\n\n\n\n<p>Po\u021bi oric\u00e2nd s\u0103-\u021bi retragi consim\u021b\u0103m\u00e2ntul privind prelucrarea datelor personale, contact\u00e2ndu-ne utiliz\u00e2nd informa\u021biile de contact de la Art. 1<\/p>\n\n\n\n<ol class=\"wp-block-list\" start=\"5\">\n<li><strong>Cum protej\u0103m informa\u021biile tale?<\/strong><\/li>\n<\/ol>\n\n\n\n<p>DYE DREAMERS SRL implementeaz\u0103 m\u0103suri tehnice, fizice \u0219i organiza\u021bionale pentru a men\u021bine securitatea datelor tale personale \u00eempotriva distrugerii accidentale sau ilegale sau a pierderii accidentale, modific\u0103rii, utiliz\u0103rii neautorizate, modific\u0103rilor neautorizate, divulg\u0103rii sau accesului \u0219i \u00eempotriva oric\u0103rei alte forme de prelucrare ilegal\u0103.<\/p>\n\n\n\n<p><strong>Confiden\u021bialitate<\/strong><\/p>\n\n\n\n<p>To\u021bi membrii personalului sunt supu\u0219i unei confiden\u021bialit\u0103\u021bi depline, iar subcontractan\u021bii \u0219i subprocesorii trebuie s\u0103 semneze un acord de confiden\u021bialitate \u00een cazul \u00een care confiden\u021bialitatea total\u0103 nu face parte din principala \u00een\u021belegere dintre p\u0103r\u021bi.<\/p>\n\n\n\n<p><strong>Transparen\u0163\u0103<\/strong><\/p>\n\n\n\n<p>SC DYE DREAMERS SRL te va informa \u00een permanen\u021b\u0103 despre modific\u0103rile aduse proceselor pentru a proteja confiden\u021bialitatea \u0219i securitatea datelor, inclusiv practicile \u0219i politicile. Po\u021bi cere oric\u00e2nd informa\u021bii despre locul \u0219i modul \u00een care datele sunt stocate, securizate \u0219i utilizate.<\/p>\n\n\n\n<p><strong>Abilitatea de a interveni<\/strong><\/p>\n\n\n\n<p>SC DYE DREAMERSSRL \u00ee\u021bi permite s\u0103 accesezi, s\u0103 rectifici \u0219i s\u0103 \u0219tergi datele administrate de tine.&nbsp;<\/p>\n\n\n\n<p>Responsabilitatea general\u0103 pentru securitatea datelor revine responsabilului de protec\u021bie (DPO) a datelor al SC DYE DREAMERS SRL, care instrue\u0219te personalul cu privire la m\u0103surile de securitate a datelor.<\/p>\n\n\n\n<p><strong>Monitorizarea<\/strong><\/p>\n\n\n\n<p>&nbsp;SC DYE DREAMERS SRL utilizeaz\u0103 rapoarte \u0219i notific\u0103ri de securitate pentru a monitoriza tentative de acces sau utilizare frauduloas\u0103 \u0219i pentru a identifica \u0219i contracara \u00een mod proactiv poten\u021bialele amenin\u021b\u0103ri. Opera\u021biile administrative, inclusiv accesul la sistem, sunt \u00eenregistrate pentru a furniza un istoric al ac\u021biunilor (audit trail) dac\u0103 se fac modific\u0103ri neautorizate sau accidentale.<\/p>\n\n\n\n<p>Performan\u021ba \u0219i disponibilitatea sistemului sunt monitorizate at\u00e2t de serviciile de monitorizare interne, c\u00e2t \u0219i de cele externe.<\/p>\n\n\n\n<p><strong>Notificarea privind \u00eenc\u0103lcarea datelor cu caracter personal<\/strong><\/p>\n\n\n\n<p>\u00cen cazul \u00een care datele tale sunt compromise, SC DYE DREAMERS SRL va notifica \u021bie \u0219i autorit\u0103\u021bii (autorit\u0103\u021bilor) de supraveghere competente \u00een decurs de 72 de ore prin e-mail informa\u021bii despre amploarea \u00eenc\u0103lc\u0103rii, datele afectate, orice impact asupra serviciului \u0219i a planului de ac\u021biune SC DYE DREAMERS SRL cu m\u0103suri pentru a asigura datele \u0219i pentru a limita orice posibil efect negativ asupra persoanelor vizate.<\/p>\n\n\n\n<p>&#8222;\u00cenc\u0103lcarea datelor cu caracter personal&#8221; \u00eenseamn\u0103 o \u00eenc\u0103lcare a securit\u0103\u021bii care duce la distrugerea, pierderea, modificarea, dezv\u0103luirea neautorizat\u0103 sau accesarea neautorizat\u0103 a datelor personale transmise, stocate sau prelucrate \u00een alt mod \u00een leg\u0103tur\u0103 cu furnizarea serviciului.<\/p>\n\n\n\n<ol class=\"wp-block-list\" start=\"6\">\n<li><strong>Dezv\u0103luim informa\u021bii unor ter\u021b\u00ed?<\/strong><\/li>\n<\/ol>\n\n\n\n<p>SC DYE DREAMERS SRL nu vinde, comercializeaz\u0103 sau transfer\u0103 \u00een alt mod p\u0103r\u021bilor externe orice informa\u021bii de identificare personal\u0103.<\/p>\n\n\n\n<p>Parteneri sau subcontractori de \u00eencredere care ne asist\u0103 pot avea acces la informa\u021bii de identificare personal\u0103 pe baza nevoii de a cunoa\u0219te \u0219i vor avea obliga\u021bia contractual\u0103 de a p\u0103stra confiden\u021bialitatea informa\u021biilor.<\/p>\n\n\n\n<p>De asemenea, vom putea s\u0103 dezv\u0103luim informa\u021bii \u00een urm\u0103toarele situa\u021bii:<\/p>\n\n\n\n<p>atunci c\u00e2nd credem c\u0103 acest lucru este necesar pentru a respecta legea<\/p>\n\n\n\n<p>c\u00e2nd suntem solicita\u021bi \u00een acest sens de c\u0103tre organele competente ale statului<\/p>\n\n\n\n<p>pentru a impune respectarea politicilor site-ului nostru.<\/p>\n\n\n\n<p>pentru a proteja drepturile, proprietatea sau siguran\u021ba noastr\u0103 sau a altora.<\/p>\n\n\n\n<p><strong>Subcontractan\u021bii \u0219i partenerii de \u00eencredere<\/strong><\/p>\n\n\n\n<p>Pentru oferirea serviciilor disponibile prin site-ul mladite.ro colabor\u0103m cu diver\u0219i subcontractan\u021bi \u0219i parteneri de \u00eencredere.&nbsp;<\/p>\n\n\n\n<p>To\u021bi subcontractan\u021bii no\u0219tri care prelucreaz\u0103 datele personale trebuie s\u0103 se conformeze prevederilor GDPR. Vom monitoriza men\u021binerea standardelor impuse de GDPR de c\u0103tre subcontractori \u0219i subprocesori pentru a se asigura c\u0103 sunt \u00eendeplinite cerin\u021bele privind protec\u021bia datelor.&nbsp;<\/p>\n\n\n\n<p>Modific\u0103rile privind ad\u0103ugarea sau \u00eenlocuirea subcontractan\u021bilor sau a partenerilor care manipuleaz\u0103 datele cu caracter personal vor fi anun\u021bate prin actualizarea prezentului document. Tu ai posibilitatea de a te opune unor astfel de modific\u0103ri \u0219i de a rezilia contractul cu SC DYE DREAMERS SRL<\/p>\n\n\n\n<p><strong>Divulgarea obligatorie din punct de vedere legal<\/strong><\/p>\n\n\n\n<p>SC DYE DREAMERS SRL va divulga datele clientului c\u0103tre organele de drept dac\u0103 exist\u0103 acceptul t\u0103u sau dac\u0103 este o cerin\u021b\u0103 legal\u0103. Acest lucru se face c\u0103tre ANAF sau orice alt\u0103 institu\u021bie guvernamental\u0103 care cere acest lucru \u0219i are \u00een atribu\u021bii verificarea acestor informa\u021bii. SC DYE DREAMERS SRL va \u00eencearca s\u0103 limiteze divulgarea datelor la strictul necesar.<\/p>\n\n\n\n<ol class=\"wp-block-list\" start=\"7\">\n<li><strong>Reten\u021bia (p\u0103strarea) datelor<\/strong><\/li>\n<\/ol>\n\n\n\n<p><strong>Politica de p\u0103strare a datelor<\/strong><\/p>\n\n\n\n<p>Datele privind rela\u021bia contractual\u0103 dintre tine \u0219i noi vor fi p\u0103strate din cauza reglement\u0103rilor fiscale p\u00e2n\u0103 la cinci ani de la debutul relatiei noastre comerciale cu fiecare client in parte<\/p>\n\n\n\n<p>Datele introduse de tine precum \u0219i datele de configurare, cele privind set\u0103rile \u0219i datele generate de sistem vor fi \u0219terse imediat.<\/p>\n\n\n\n<p><strong>Restituirea \u0219i \/ sau \u0219tergerea datelor<\/strong><\/p>\n\n\n\n<p>Dup\u0103 livrarea produselor comandate nu vor fi p\u0103strate nici un fel de date \u00een afar\u0103 de eventuale date de facturare, asta \u00een cazul \u00een care \u00een cadrul rela\u021biei contractuale au fost emise facturi c\u0103tre tine.&nbsp;<\/p>\n\n\n\n<ol class=\"wp-block-list\" start=\"8\">\n<li><strong>Cooperare<\/strong><\/li>\n<\/ol>\n\n\n\n<p>SC DYE DREAMERS SRL va coopera cu tine pentru a asigura respectarea dispozi\u021biilor aplicabile privind protec\u021bia datelor, de ex. pentru a-\u021bi permite s\u0103 garantezi \u00een mod eficient exercitarea drepturilor subiec\u021bilor datelor (dreptul de acces, rectificare, \u0219tergere, blocare, opozi\u021bie), s\u0103 gestionezi incidentele, inclusiv investiga\u021bii \u00een cazul unui incident de securitate.<\/p>\n\n\n\n<ol class=\"wp-block-list\" start=\"9\">\n<li><strong>Consim\u021b\u0103m\u00e2ntul t\u0103u<\/strong><\/li>\n<\/ol>\n\n\n\n<p>Utiliz\u00e2nd site-ul nostru, e\u0219ti de acord cu aceast\u0103 Politic\u0103 de confiden\u021bialitate.<\/p>\n\n\n\n<p>Deoarece este posibil ca prin utilizarea serviciilor mladite.ro s\u0103 gestionezi date cu caracter personal, este necesar s\u0103-\u021bi dai acordul pentru prelucrarea datelor cu caracter personal.<\/p>\n\n\n\n<figure class=\"wp-block-image\"><img decoding=\"async\" src=\"blob:https:\/\/mladite.ro\/58fe9df8-c400-4075-8473-67ea0699e95d\" alt=\"pastedGraphic.png\"\/><\/figure>\n\n\n\n<ol class=\"wp-block-list\" start=\"10\">\n<li><strong>10.<\/strong><strong>Modific\u0103ri ale politicii noastre de confiden\u021bialitate<\/strong><\/li>\n<\/ol>\n\n\n\n<p>Dac\u0103 vom decide s\u0103 modific\u0103m Politica de confiden\u021bialitate, vom opera respectivele modific\u0103ri pe aceast\u0103 pagin\u0103 \u0219i vom actualiza data de modificare a Politicii de confiden\u021bialitate de mai jos.<\/p>\n","protected":false},"excerpt":{"rendered":"<p>Dac\u0103 ai \u00eentreb\u0103ri cu privire la aceast\u0103 politic\u0103 de confiden\u021bialitate, ne po\u021bi contacta utiliz\u00e2nd informa\u021biile de mai jos. Telefon: 0740.990.458&nbsp; E-mail:&nbsp;victor@mladite.ro&nbsp; Clien\u021bii no\u0219tri pot trimite \u00eentreb\u0103ri \u00een leg\u0103tur\u0103 cu protec\u021bia datelor, confiden\u021bialitatea \u0219i securitatea datelor cu caracter personal la adresa de mail de mai sus. Po\u021bi vizita site-ul nostru \u00een mod anonim. \u00cen acest caz vom colecta doar date anonime Dac\u0103 alegi s\u0103 faci o comand\u0103 vom procesa urm\u0103toarele date: Orice informa\u021bie pe care o colect\u0103m de la tine poate fi utilizat\u0103 pentru unul sau mai multe din urm\u0103toarele scopuri:&#8230;<\/p>\n","protected":false},"author":1,"featured_media":0,"parent":0,"menu_order":0,"comment_status":"closed","ping_status":"closed","template":"","meta":{"_acf_changed":false,"footnotes":""},"class_list":["post-4128","page","type-page","status-publish","hentry"],"acf":[],"_links":{"self":[{"href":"https:\/\/mladite.ro\/index.php\/wp-json\/wp\/v2\/pages\/4128","targetHints":{"allow":["GET"]}}],"collection":[{"href":"https:\/\/mladite.ro\/index.php\/wp-json\/wp\/v2\/pages"}],"about":[{"href":"https:\/\/mladite.ro\/index.php\/wp-json\/wp\/v2\/types\/page"}],"author":[{"embeddable":true,"href":"https:\/\/mladite.ro\/index.php\/wp-json\/wp\/v2\/users\/1"}],"replies":[{"embeddable":true,"href":"https:\/\/mladite.ro\/index.php\/wp-json\/wp\/v2\/comments?post=4128"}],"version-history":[{"count":2,"href":"https:\/\/mladite.ro\/index.php\/wp-json\/wp\/v2\/pages\/4128\/revisions"}],"predecessor-version":[{"id":4166,"href":"https:\/\/mladite.ro\/index.php\/wp-json\/wp\/v2\/pages\/4128\/revisions\/4166"}],"wp:attachment":[{"href":"https:\/\/mladite.ro\/index.php\/wp-json\/wp\/v2\/media?parent=4128"}],"curies":[{"name":"wp","href":"https:\/\/api.w.org\/{rel}","templated":true}]}}