{"id":4126,"date":"2024-03-12T15:44:21","date_gmt":"2024-03-12T15:44:21","guid":{"rendered":"http:\/\/mladite.ro\/?page_id=4126"},"modified":"2024-03-22T08:47:41","modified_gmt":"2024-03-22T08:47:41","slug":"termeni-si-conditii","status":"publish","type":"page","link":"https:\/\/mladite.ro\/index.php\/termeni-si-conditii\/","title":{"rendered":"Termeni \u0219i Condi\u021bii"},"content":{"rendered":"\n<p><strong>Introducere<\/strong><\/p>\n\n\n\n<p>Mul\u021bumim pentru interesul dumneavoastr\u0103 fa\u021b\u0103 de compania noastr\u0103, site-ul nostru \u0219i produsele pe care le comercializ\u0103m prin intermediul magazinului nostru online.<\/p>\n\n\n\n<p>V\u0103 rug\u0103m s\u0103 citi\u021bi cu aten\u021bie acest document. Acesta (denumit \u00een continuare \u201ePrezentul document\u201d, \u201eContractul\u201d sau \u201eTermenii \u0219i Condi\u021biile\u201d) stabile\u0219te condi\u021biile utiliz\u0103rii site-ului <a href=\"http:\/\/www.mladite.ro\/\">www.mladite.ro<\/a> (denumit \u00een continuare \u201eSite-ul\u201d) \u0219i condi\u021biile plas\u0103rii de comenzi de produse prin intermediul site-ului, inclusiv condi\u021biile de livrare \u0219i de retur. Prin navigarea pe site-ul nostru sau prin plasarea unei comenzi, sunte\u021bi de acord cu Termenii \u0219i Condi\u021biile descrise mai jos. Acest document constituie o conven\u021bie legal\u0103 &#8211; un contract \u00eentre dumneavoastr\u0103 \u0219i noi. V\u0103 rug\u0103m s\u0103 citi\u021bi \u0219i Politica noastr\u0103 de confiden\u021bialitate \u0219i Politica privind utilizarea modulelor cookie, \u00eenainte de a naviga pe site sau a plasa o comand\u0103. Dac\u0103 nu sunte\u021bi de acord cu ace\u0219ti Termeni sau cu Politicile indicate mai sus, v\u0103 rug\u0103m s\u0103 nu utiliza\u021bi site-ul.<\/p>\n\n\n\n<p><strong>Prezentul Contract. Obliga\u021bii. Contact<\/strong><\/p>\n\n\n\n<p>\u00cen\u021belege\u021bi c\u0103 at\u00e2t prezentul contract, c\u00e2t \u0219i toate politicile la care acesta face referire (de exemplu, Politica de confiden\u021bialitate, Politica privind utilizarea modulelor cookie) au caracter obligatoriu pentru dumneavoastr\u0103. Prin navigarea pe site-ul nostru sau prin plasarea unei comenzi, v\u0103 angaja\u021bi s\u0103 respecta\u021bi prezentul contract \u0219i politicile indicate.<\/p>\n\n\n\n<p>Ne rezerv\u0103m dreptul de a modifica oric\u00e2nd \u0219i f\u0103r\u0103 notificare prealabil\u0103 ace\u0219ti Termeni. Comenzii dumneavoastr\u0103 i se vor aplica termenii care sunt \u00een vigoare la momentul plas\u0103rii comenzii. Acces\u00e2nd site-ul nostru, ve\u021bi g\u0103si cea mai recent\u0103 versiune a Termenilor.<\/p>\n\n\n\n<p>Dac\u0103 ave\u021bi \u00eentreb\u0103ri sau neclarit\u0103\u021bi, ne pute\u021bi contacta la adresa de e-mail victor@mladite.ro sau prin completarea formularului de contact, iar noi vom r\u0103spunde \u00een cel mai scurt timp posibil.<\/p>\n\n\n\n<p><strong>Cine suntem?<\/strong><\/p>\n\n\n\n<p>Site-ul <a href=\"http:\/\/www.mladite.ro\/\">www.mladite.ro<\/a> este de\u021binut de DYE DREAMERS SRL, cu sediul \u00een strada Elev Stefanescu 13, sector 2, Bucure\u0219ti, \u00eenregistrat\u0103 \u00een Registrul Comer\u021bului Bucure\u0219ti sub nr. J40\/9544\/22.05.23, cu codul fiscal 48208627 \u0219i cu adresa de e-mail victor@mladite.ro. Ne ocup\u0103m cu v\u00e2nzarea online de trusouri de botez \u0219i haine pentru copii.<\/p>\n\n\n\n<p><strong>Datele dumneavoastr\u0103 cu caracter personal<\/strong><\/p>\n\n\n\n<p>Site-ul nostru prelucreaz\u0103 date cu caracter personal furnizate de dumneavoastr\u0103 conform Politicii de confiden\u021bialitate. Ne angaj\u0103m s\u0103 respect\u0103m legisla\u021bia na\u021bional\u0103 \u0219i european\u0103 privind protec\u021bia datelor cu caracter personal \u0219i libera circula\u021bie a acestor date.<\/p>\n\n\n\n<p>Prin vizitarea \u0219i\/sau utilizarea site-ului, plasarea de comenzi sau interac\u021biunea cu noi prin orice metod\u0103 \u0219i\/sau mijloc de comunicare la distan\u021b\u0103, sunte\u021bi de acord cu prelucrarea datelor dumneavoastr\u0103 cu caracter personal conform Politicii de confiden\u021bialitate.<\/p>\n\n\n\n<p><strong>Eligibilitate<\/strong><\/p>\n\n\n\n<p>Pentru a putea plasa \u00een mod legal o comand\u0103 pe site-ul nostru, trebuie s\u0103 ave\u021bi peste 18 ani \u0219i\/sau capacitate deplin\u0103 de exerci\u021biu, s\u0103 fi\u021bi de acord cu prezentul Contract \u0219i s\u0103 ne furniza\u021bi informa\u021bii de identitate \u0219i de contact reale, complete \u0219i actualizate.<\/p>\n\n\n\n<p>Site-ul nu vinde produse c\u0103tre minori. Dac\u0103 ave\u021bi sub 18 ani, v\u0103 rug\u0103m s\u0103 apela\u021bi la un p\u0103rinte\/tutore pentru a plasa comanda \u00een numele dvs. sau pentru a autoriza plasarea unei comenzi.<\/p>\n\n\n\n<p><strong>Reguli privind utilizarea site-ului<\/strong><\/p>\n\n\n\n<p>Prin accesarea, vizitarea sau plasarea unei comenzi pe site-ul nostru, v\u0103 angaja\u021bi s\u0103 respecta\u021bi urm\u0103toarele reguli:<\/p>\n\n\n\n<ol class=\"wp-block-list\">\n<li>Ve\u021bi folosi acest site exclusiv pentru efectuarea comenzilor legitime sau pentru informare.<\/li>\n\n\n\n<li>Nu ve\u021bi efectua nicio comand\u0103 fals\u0103 sau frauduloas\u0103.<\/li>\n\n\n\n<li>Ve\u021bi furniza informa\u021bii reale, exacte, complete \u0219i actualizate.<\/li>\n\n\n\n<li>Ve\u021bi respecta drepturile de proprietate intelectual\u0103 asupra oric\u0103rui element reg\u0103sit pe acest site.<\/li>\n\n\n\n<li>Nu ve\u021bi desf\u0103\u0219ura nicio ac\u021biune care ar putea aduce prejudicii site-ului nostru.<\/li>\n<\/ol>\n\n\n\n<p>Ne rezerv\u0103m dreptul de a bloca accesul oric\u0103rui utilizator care \u00eencalc\u0103 regulile de mai sus \u0219i de a anula comenzile. De asemenea, ne rezerv\u0103m dreptul de a ne adresa autorit\u0103\u021bilor competente pentru recuperarea prejudiciilor cauzate.<\/p>\n\n\n\n<p><strong>\u00cencheierea Contractului<\/strong><\/p>\n\n\n\n<p>Contractul dintre dumneavoastr\u0103 \u0219i noi se \u00eencheie \u00een momentul \u00een care comanda dvs. este acceptat\u0103 expres de noi \u0219i ve\u021bi primi o confirmare prin e-mail.<\/p>\n\n\n\n<p>Ne rezerv\u0103m dreptul de a decide, \u00een mod unilateral \u0219i f\u0103r\u0103 a preciza motivul, \u00eencheierea sau nu a unui contract de v\u00e2nzare. Nu vom avea nicio r\u0103spundere fa\u021b\u0103 de dvs. \u00een cazul \u00een care refuz\u0103m s\u0103 d\u0103m curs unei comenzi. Dreptul de proprietate asupra produselor se va transfera c\u0103tre dumneavoastr\u0103 numai dup\u0103 ce a\u021bi realizat plata tuturor sumelor datorate pentru produse, inclusiv a costurilor de livrare.<\/p>\n\n\n\n<p><strong>Disponibilitatea produselor<\/strong><\/p>\n\n\n\n<p>Nu putem garanta c\u0103 produsele care au fost prezente la un moment dat pe site vor fi disponibile \u00een orice moment. Ne rezerv\u0103m dreptul de a \u00eenceta comercializarea unui produs \u00een orice moment.<\/p>\n\n\n\n<p>\u00cen cazul \u00een care un produs nu este disponibil dup\u0103 ce a\u021bi plasat o comand\u0103, v\u0103 vom informa \u0219i vom propune alternative sau vom anula comanda, proced\u00e2nd la rambursarea sumelor achitate.<\/p>\n\n\n\n<p><strong>Pre\u021bul produselor. Plat\u0103. Livrare<\/strong><\/p>\n\n\n\n<p>Pre\u021burile produselor pot fi actualizate\/modificate \u00een orice moment. Comenzii dvs. i se vor aplica pre\u021burile de la momentul plas\u0103rii efective a comenzii.<\/p>\n\n\n\n<p>Plata produselor comandate se poate face pe site cu cardul online. Procesarea datelor de pe cardul dumneavoastr\u0103 se face prin intermediul Netopia, iar noi nu vom stoca nicio informa\u021bie referitoare la cardul dumneavoastr\u0103.<\/p>\n\n\n\n<p><strong>Livrare<\/strong><\/p>\n\n\n\n<p>Taxele de transport sunt incluse \u00een pret. Din momentul confirmarii comenzii facem eforturi pentru a va trimite produsul in 14 zile lucratoare fara a considera timpul petrecut de colet in tranzitul organizat de curier.<\/p>\n\n\n\n<p><strong>For\u021ba major\u0103 \u0219i cazul fortuit<\/strong><\/p>\n\n\n\n<p>Nu vom fi tra\u0219i la r\u0103spundere pentru nicio \u00eent\u00e2rziere sau nereu\u0219it\u0103 \u00een \u00eendeplinirea serviciilor noastre din cauza for\u021bei majore sau cazului fortuit.<\/p>\n\n\n\n<p><strong>Dreptul de retragere<\/strong><\/p>\n\n\n\n<p>Conform OUG 34\/2014, produsele realizate la comand\u0103 personalizat\u0103 nu beneficiaz\u0103 de dreptul de retur.<br>Dac\u0103 produsul prezint\u0103 defecte sau diferen\u021be vizibile fata de modelul prezentat \u00een website \u0219i produsul primit, ne asum\u0103m responsabilitatea de a \u00eenlocui produsul.<\/p>\n\n\n\n<p>Conform legii comertului electronic OG nr.130\/2000, art.7 alin.1 cumparatorul are dreptul de a denunta unilateral contractul la distanta, in termen de 14 zile lucratoare, fara penalitati si fara invocarea vreunui motiv. Singurele costuri care pot cadea in sarcina cumparatorului sunt cheltuielile directe de returnare a produselor.<\/p>\n\n\n\n<p>Clientul are dreptul ca, in termen de 14 zile lucratoare de la primirea produselor comandate, sa returneze produsul si sa instiinteze firma asupra deciziei sale de a renunta la produsele comandate, fara obligativitatea invocarii unui motiv anume.<\/p>\n\n\n\n<p>In cazul in care doriti sa returnati produsele, trebuie avute in vedere urmatoarele:<\/p>\n\n\n\n<ul class=\"wp-block-list\">\n<li>Contravaloarea transportului va fi suportata de comparator,<\/li>\n\n\n\n<li>Produsele returnate trebuie sa fie in aceeasi stare in care s-au livrat, adica noi si in cutie, impreuna cu toate accesoriile aferente produsului, nefolosite, fara pete sau rupturi;<\/li>\n\n\n\n<li>Ne obligam sa returnam suma achitata de client, prin transfer bancar (in contul clientului), imediat ce toate conditiile de mai sus au fost indeplinite, in cel mult 30 zile calendaristice.<\/li>\n<\/ul>\n\n\n\n<p>Produsele realizate pe comanda la cererea clientului si se supun Ord. 130\/2000. Cap. 2, Art. 10: Consumatorul nu poate denunta unilateral urmatoarele tipuri de contracte, cu exceptia cazurilor in care partile au convenit altfel: contracte de furnizare a unor produse executate dupa specificatiile consumatorului sau a unor produse distinct personalizate, precum si acelora care, prin natura lor, nu pot fi returnate .<\/p>\n\n\n\n<p>Suma de bani restituita pentru retur nu va include si cheltuielile de transport (daca exista).<\/p>\n\n\n\n<p><strong>Proprietatea intelectual\u0103<\/strong><\/p>\n\n\n\n<p>\u00centregul con\u021binut al site-ului este proprietatea DYE DREAMERS SRL \u0219i este protejat de legea drepturilor de autor \u0219i de alte legi aplicabile.<\/p>\n\n\n\n<p>Orice utilizare neautorizat\u0103 a con\u021binutului este interzis\u0103 \u0219i poate atrage r\u0103spunderea penal\u0103 sau civil\u0103.<\/p>\n\n\n\n<p><strong>Clauze finale<\/strong><\/p>\n\n\n\n<p>Ace\u0219ti Termeni \u0219i Condi\u021bii reprezint\u0103 acordul integral \u00eentre dumneavoastr\u0103 \u0219i noi \u00een ceea ce prive\u0219te obiectul oric\u0103rui Contract \u0219i \u00eenlocuiesc orice alt acord verbal sau scris.<\/p>\n\n\n\n<p>Legea rom\u00e2n\u0103 este aplicabil\u0103 oric\u0103rui litigiu \u00eentre p\u0103r\u021bi, iar instan\u021bele din Rom\u00e2nia sunt competente s\u0103 solu\u021bioneze orice litigiu care ar putea ap\u0103rea \u00eentre p\u0103r\u021bi.<\/p>\n","protected":false},"excerpt":{"rendered":"<p>Introducere Mul\u021bumim pentru interesul dumneavoastr\u0103 fa\u021b\u0103 de compania noastr\u0103, site-ul nostru \u0219i produsele pe care le comercializ\u0103m prin intermediul magazinului nostru online. V\u0103 rug\u0103m s\u0103 citi\u021bi cu aten\u021bie acest document. Acesta (denumit \u00een continuare \u201ePrezentul document\u201d, \u201eContractul\u201d sau \u201eTermenii \u0219i Condi\u021biile\u201d) stabile\u0219te condi\u021biile utiliz\u0103rii site-ului www.mladite.ro (denumit \u00een continuare \u201eSite-ul\u201d) \u0219i condi\u021biile plas\u0103rii de comenzi de produse prin intermediul site-ului, inclusiv condi\u021biile de livrare \u0219i de retur. Prin navigarea pe site-ul nostru sau prin plasarea unei comenzi, sunte\u021bi de acord cu Termenii \u0219i Condi\u021biile descrise mai jos. Acest document constituie&#8230;<\/p>\n","protected":false},"author":1,"featured_media":0,"parent":0,"menu_order":0,"comment_status":"closed","ping_status":"closed","template":"","meta":{"_acf_changed":false,"footnotes":""},"class_list":["post-4126","page","type-page","status-publish","hentry"],"acf":[],"_links":{"self":[{"href":"https:\/\/mladite.ro\/index.php\/wp-json\/wp\/v2\/pages\/4126","targetHints":{"allow":["GET"]}}],"collection":[{"href":"https:\/\/mladite.ro\/index.php\/wp-json\/wp\/v2\/pages"}],"about":[{"href":"https:\/\/mladite.ro\/index.php\/wp-json\/wp\/v2\/types\/page"}],"author":[{"embeddable":true,"href":"https:\/\/mladite.ro\/index.php\/wp-json\/wp\/v2\/users\/1"}],"replies":[{"embeddable":true,"href":"https:\/\/mladite.ro\/index.php\/wp-json\/wp\/v2\/comments?post=4126"}],"version-history":[{"count":2,"href":"https:\/\/mladite.ro\/index.php\/wp-json\/wp\/v2\/pages\/4126\/revisions"}],"predecessor-version":[{"id":4165,"href":"https:\/\/mladite.ro\/index.php\/wp-json\/wp\/v2\/pages\/4126\/revisions\/4165"}],"wp:attachment":[{"href":"https:\/\/mladite.ro\/index.php\/wp-json\/wp\/v2\/media?parent=4126"}],"curies":[{"name":"wp","href":"https:\/\/api.w.org\/{rel}","templated":true}]}}