{"id":3830,"date":"2024-01-09T16:35:39","date_gmt":"2024-01-09T16:35:39","guid":{"rendered":"http:\/\/mladite.ro\/?page_id=3830"},"modified":"2024-04-02T13:31:17","modified_gmt":"2024-04-02T13:31:17","slug":"contact","status":"publish","type":"page","link":"https:\/\/mladite.ro\/index.php\/contact\/","title":{"rendered":"Contact"},"content":{"rendered":"<p>[vc_row content_width=&#8221;grid&#8221; content_aligment=&#8221;center&#8221; css=&#8221;.vc_custom_1465463568984{padding-top: 92px !important;padding-bottom: 60px !important;}&#8221;][vc_column][vc_column_text]<\/p>\n<h2>Hai s\u0103 ne cunoa\u0219tem<\/h2>\n<p>[\/vc_column_text][vc_empty_space height=&#8221;5px&#8221;][vc_column_text]Suntem aici pentru tine \u0219i pentru toate \u00eentreb\u0103rile tale.[\/vc_column_text][\/vc_column][\/vc_row][vc_row content_width=&#8221;grid&#8221; content_aligment=&#8221;center&#8221; css=&#8221;.vc_custom_1465827140402{padding-top: 30px !important;padding-bottom: 85px !important;}&#8221;][vc_column offset=&#8221;vc_col-md-4&#8243;][vc_column_text]<\/p>\n<h6>E-mail<\/h6>\n<p>[\/vc_column_text][vc_empty_space height=&#8221;8px&#8221;][vc_column_text]<a style=\"color: black;\" href=\"mailto:victor@mladite.ro\">victor@mladite.ro<\/a>[\/vc_column_text][vc_empty_space height=&#8221;30px&#8221;][\/vc_column][vc_column offset=&#8221;vc_col-md-4&#8243;][vc_column_text]<\/p>\n<h6>Telefon<\/h6>\n<p>[\/vc_column_text][vc_empty_space height=&#8221;8px&#8221;][vc_column_text]<a style=\"color: black;\" href=\"tel:0740990458\">0740.990.458<\/a>[\/vc_column_text][vc_empty_space height=&#8221;30px&#8221;][\/vc_column][vc_column offset=&#8221;vc_col-md-4&#8243;][vc_column_text]<\/p>\n<h6>Social Media<\/h6>\n<p>[\/vc_column_text][vc_empty_space height=&#8221;8px&#8221;]\n    <span class=\"qodef-icon-shortcode normal qodef-icon-medium\" style=\"margin: 5px\" data-hover-color=\"#dd9933\" data-color=\"#000000\">\n                    <a itemprop=\"url\" class=\"\"  href=\"https:\/\/www.instagram.com\/mladite.ro\/\" target=\"_self\">\n        \n        <i class=\"qodef-icon-font-awesome fa fa-instagram qodef-icon-element\" style=\"color: #000000\" ><\/i>\n                    <\/a>\n            <\/span>\n\n\n    <span class=\"qodef-icon-shortcode normal qodef-icon-medium\" style=\"margin: 5px\" data-hover-color=\"#dd9933\" data-color=\"#000000\">\n                    <a itemprop=\"url\" class=\"\"  href=\"https:\/\/www.facebook.com\/mladite.ro\" target=\"_self\">\n        \n        <i class=\"qodef-icon-font-awesome fa fa-facebook qodef-icon-element\" style=\"color: #000000\" ><\/i>\n                    <\/a>\n            <\/span>\n\n[vc_empty_space height=&#8221;30px&#8221;][\/vc_column][\/vc_row][vc_row content_width=&#8221;grid&#8221; content_aligment=&#8221;center&#8221; css=&#8221;.vc_custom_1466667999725{padding-top: 113px !important;padding-bottom: 70px !important;background-color: #fff0e6 !important;}&#8221;][vc_column][vc_column_text]<\/p>\n<h2>Nu ezita s\u0103 ne spui Bun\u0103! \ud83d\ude0a<\/h2>\n<p>[\/vc_column_text][vc_empty_space height=&#8221;5px&#8221;][vc_column_text]A\u0219tept\u0103m cu ner\u0103bdare s\u0103 te cunoa\u0219tem mai bine![\/vc_column_text][\/vc_column][\/vc_row][vc_row content_width=&#8221;grid&#8221; css=&#8221;.vc_custom_1466668009051{padding-bottom: 90px !important;background-color: #fff0e6 !important;}&#8221;][vc_column offset=&#8221;vc_col-lg-7 vc_col-md-12&#8243;]\n<div class=\"wpcf7 no-js\" id=\"wpcf7-f1307-o1\" lang=\"en-US\" dir=\"ltr\">\n<div class=\"screen-reader-response\"><p role=\"status\" aria-live=\"polite\" aria-atomic=\"true\"><\/p> <ul><\/ul><\/div>\n<form action=\"\/index.php\/wp-json\/wp\/v2\/pages\/3830#wpcf7-f1307-o1\" method=\"post\" class=\"wpcf7-form init cf7_custom_style_1\" aria-label=\"Contact form\" novalidate=\"novalidate\" data-status=\"init\">\n<div style=\"display: none;\">\n<input type=\"hidden\" name=\"_wpcf7\" value=\"1307\" \/>\n<input type=\"hidden\" name=\"_wpcf7_version\" value=\"5.8.5\" \/>\n<input type=\"hidden\" name=\"_wpcf7_locale\" value=\"en_US\" \/>\n<input type=\"hidden\" name=\"_wpcf7_unit_tag\" value=\"wpcf7-f1307-o1\" \/>\n<input type=\"hidden\" name=\"_wpcf7_container_post\" value=\"0\" \/>\n<input type=\"hidden\" name=\"_wpcf7_posted_data_hash\" value=\"\" \/>\n<\/div>\n<p><span class=\"wpcf7-form-control-wrap\" data-name=\"your-name\"><input size=\"40\" class=\"wpcf7-form-control wpcf7-text wpcf7-validates-as-required\" aria-required=\"true\" aria-invalid=\"false\" placeholder=\"Nume\" value=\"\" type=\"text\" name=\"your-name\" \/><\/span><br \/>\n<span class=\"wpcf7-form-control-wrap\" data-name=\"your-email\"><input size=\"40\" class=\"wpcf7-form-control wpcf7-email wpcf7-validates-as-required wpcf7-text wpcf7-validates-as-email\" aria-required=\"true\" aria-invalid=\"false\" placeholder=\"Email\" value=\"\" type=\"email\" name=\"your-email\" \/><\/span><br \/>\n<span class=\"wpcf7-form-control-wrap\" data-name=\"your-subject\"><input size=\"40\" class=\"wpcf7-form-control wpcf7-text wpcf7-validates-as-required\" aria-required=\"true\" aria-invalid=\"false\" placeholder=\"Subiect\" value=\"\" type=\"text\" name=\"your-subject\" \/><\/span><br \/>\n<span class=\"wpcf7-form-control-wrap\" data-name=\"your-message\"><textarea cols=\"40\" rows=\"10\" class=\"wpcf7-form-control wpcf7-textarea wpcf7-validates-as-required\" aria-required=\"true\" aria-invalid=\"false\" placeholder=\"Mesaj\" name=\"your-message\"><\/textarea><\/span><br \/>\n<input class=\"wpcf7-form-control wpcf7-submit has-spinner\" type=\"submit\" value=\"Trimite\" \/>\n<\/p><div class=\"wpcf7-response-output\" aria-hidden=\"true\"><\/div>\n<\/form>\n<\/div>\n[vc_empty_space][\/vc_column][vc_column offset=&#8221;vc_col-lg-5 vc_col-md-12&#8243;][vc_column_text]<\/p>\n<h5>Ai nevoie de ajutor?<\/h5>\n<p>[\/vc_column_text][vc_column_text][\/vc_column_text][vc_empty_space height=&#8221;40px&#8221;]<a itemprop=\"url\" href=\"tel:0740.990.458\" target=\"_self\" style=\"color: #ffffff;background-color: #949494;border-color: #949494\" class=\"qodef-btn qodef-btn-medium qodef-btn-solid qodef-btn-custom-hover-bg qodef-btn-custom-border-hover qodef-btn-custom-hover-color\" data-hover-bg-color=\"#ffffff\" data-hover-color=\"#333333\" data-hover-border-color=\"#ffffff\" >\n    <span class=\"qodef-btn-text\">0740.990.458<\/span>\n    <\/a>[\/vc_column][\/vc_row]<\/p>\n","protected":false},"excerpt":{"rendered":"<p>[vc_row content_width=&#8221;grid&#8221; content_aligment=&#8221;center&#8221; css=&#8221;.vc_custom_1465463568984{padding-top: 92px !important;padding-bottom: 60px !important;}&#8221;][vc_column][vc_column_text] Hai s\u0103 ne cunoa\u0219tem [\/vc_column_text][vc_empty_space height=&#8221;5px&#8221;][vc_column_text]Suntem aici pentru tine \u0219i pentru toate \u00eentreb\u0103rile tale.[\/vc_column_text][\/vc_column][\/vc_row][vc_row content_width=&#8221;grid&#8221; content_aligment=&#8221;center&#8221; css=&#8221;.vc_custom_1465827140402{padding-top: 30px !important;padding-bottom: 85px !important;}&#8221;][vc_column offset=&#8221;vc_col-md-4&#8243;][vc_column_text] E-mail [\/vc_column_text][vc_empty_space height=&#8221;8px&#8221;][vc_column_text]victor@mladite.ro[\/vc_column_text][vc_empty_space height=&#8221;30px&#8221;][\/vc_column][vc_column offset=&#8221;vc_col-md-4&#8243;][vc_column_text] Telefon [\/vc_column_text][vc_empty_space height=&#8221;8px&#8221;][vc_column_text]0740.990.458[\/vc_column_text][vc_empty_space height=&#8221;30px&#8221;][\/vc_column][vc_column offset=&#8221;vc_col-md-4&#8243;][vc_column_text] Social Media [\/vc_column_text][vc_empty_space height=&#8221;8px&#8221;][vc_empty_space height=&#8221;30px&#8221;][\/vc_column][\/vc_row][vc_row content_width=&#8221;grid&#8221; content_aligment=&#8221;center&#8221; css=&#8221;.vc_custom_1466667999725{padding-top: 113px !important;padding-bottom: 70px !important;background-color: #fff0e6 !important;}&#8221;][vc_column][vc_column_text] Nu ezita s\u0103 ne spui Bun\u0103! \ud83d\ude0a [\/vc_column_text][vc_empty_space height=&#8221;5px&#8221;][vc_column_text]A\u0219tept\u0103m cu ner\u0103bdare s\u0103 te cunoa\u0219tem mai bine![\/vc_column_text][\/vc_column][\/vc_row][vc_row content_width=&#8221;grid&#8221; css=&#8221;.vc_custom_1466668009051{padding-bottom: 90px !important;background-color: #fff0e6 !important;}&#8221;][vc_column offset=&#8221;vc_col-lg-7 vc_col-md-12&#8243;][vc_empty_space][\/vc_column][vc_column offset=&#8221;vc_col-lg-5 vc_col-md-12&#8243;][vc_column_text] Ai nevoie de ajutor? [\/vc_column_text][vc_column_text][\/vc_column_text][vc_empty_space height=&#8221;40px&#8221;][\/vc_column][\/vc_row]<\/p>\n","protected":false},"author":1,"featured_media":0,"parent":0,"menu_order":0,"comment_status":"closed","ping_status":"closed","template":"full-width.php","meta":{"_acf_changed":false,"footnotes":""},"class_list":["post-3830","page","type-page","status-publish","hentry"],"acf":[],"_links":{"self":[{"href":"https:\/\/mladite.ro\/index.php\/wp-json\/wp\/v2\/pages\/3830","targetHints":{"allow":["GET"]}}],"collection":[{"href":"https:\/\/mladite.ro\/index.php\/wp-json\/wp\/v2\/pages"}],"about":[{"href":"https:\/\/mladite.ro\/index.php\/wp-json\/wp\/v2\/types\/page"}],"author":[{"embeddable":true,"href":"https:\/\/mladite.ro\/index.php\/wp-json\/wp\/v2\/users\/1"}],"replies":[{"embeddable":true,"href":"https:\/\/mladite.ro\/index.php\/wp-json\/wp\/v2\/comments?post=3830"}],"version-history":[{"count":13,"href":"https:\/\/mladite.ro\/index.php\/wp-json\/wp\/v2\/pages\/3830\/revisions"}],"predecessor-version":[{"id":4258,"href":"https:\/\/mladite.ro\/index.php\/wp-json\/wp\/v2\/pages\/3830\/revisions\/4258"}],"wp:attachment":[{"href":"https:\/\/mladite.ro\/index.php\/wp-json\/wp\/v2\/media?parent=3830"}],"curies":[{"name":"wp","href":"https:\/\/api.w.org\/{rel}","templated":true}]}}