{"id":3132,"date":"2016-06-23T09:32:17","date_gmt":"2016-06-23T09:32:17","guid":{"rendered":"http:\/\/moments.select-themes.com\/?page_id=3132"},"modified":"2024-01-31T12:07:08","modified_gmt":"2024-01-31T12:07:08","slug":"photo-carousel","status":"publish","type":"page","link":"https:\/\/mladite.ro\/index.php\/photo-carousel\/","title":{"rendered":"Trusouri vopsite cu plante"},"content":{"rendered":"<p>[vc_row content_width=&#8221;grid&#8221; content_aligment=&#8221;center&#8221; css=&#8221;.vc_custom_1465561469823{padding-top: 98px !important;padding-bottom: 62px !important;background-color: #f9f9f9 !important;}&#8221;][vc_column][vc_column_text]<\/p>\n<h2>Produsele noastre<\/h2>\n<p>[\/vc_column_text][vc_empty_space height=&#8221;10px&#8221;]\n<div class=\"qodef-custom-font-holder\" style=\"font-family: Raleway;font-size: 17px;font-weight: 400;color: #949494\" data-font-size= 17>\nTrusouri de botez din muselin\u0103 100% bumbac organic, dublu aerat, produs\u0103 in Rom\u00e2nia, cu elemente vopsite exclusiv natural,cu plante.<\/p>\n<p>Credem \u00een creativitatea \u0219i buna calitate a produselor realizate cu suflet de artizani rom\u00e2ni, drept pentru care pentru fiecare element al trusoului de botez am c\u0103utat solu\u021bii locale personalizate.<\/div>[\/vc_column][\/vc_row][vc_row content_aligment=&#8221;center&#8221;][vc_column]<div class=\"qodef-image-slider \"><div class=\"qodef-image-slider-inner\" style=\"height: 633px\">\n    <ul>\n\t\t            <li>\n                <div class=\"qodef-image-slider-holder\" style=\"width:950px;height:633px\">\n\t\t\t\t\t                        <img decoding=\"async\" src=\"https:\/\/mladite.ro\/wp-content\/uploads\/2024\/01\/20230926-mladite-print-by-VanillaRoads-004-4-scaled.jpg\" alt=\"\"\/>\n\t\t\t\t\t\t                <\/div>\n            <\/li>\n\t\t            <li>\n                <div class=\"qodef-image-slider-holder\" style=\"width:950px;height:633px\">\n\t\t\t\t\t                        <img decoding=\"async\" src=\"https:\/\/mladite.ro\/wp-content\/uploads\/2024\/01\/20230926-mladite-print-by-VanillaRoads-003-1-scaled.jpg\" alt=\"\"\/>\n\t\t\t\t\t\t                <\/div>\n            <\/li>\n\t\t            <li>\n                <div class=\"qodef-image-slider-holder\" style=\"width:422px;height:633px\">\n\t\t\t\t\t                        <img decoding=\"async\" src=\"https:\/\/mladite.ro\/wp-content\/uploads\/2024\/01\/20230926-mladite-print-by-VanillaRoads-010-scaled.jpg\" alt=\"\"\/>\n\t\t\t\t\t\t                <\/div>\n            <\/li>\n\t\t            <li>\n                <div class=\"qodef-image-slider-holder\" style=\"width:950px;height:633px\">\n\t\t\t\t\t                        <img decoding=\"async\" src=\"https:\/\/mladite.ro\/wp-content\/uploads\/2024\/01\/20230926-mladite-print-by-VanillaRoads-014-1-scaled.jpg\" alt=\"\"\/>\n\t\t\t\t\t\t                <\/div>\n            <\/li>\n\t\t            <li>\n                <div class=\"qodef-image-slider-holder\" style=\"width:950px;height:633px\">\n\t\t\t\t\t                        <img decoding=\"async\" src=\"https:\/\/mladite.ro\/wp-content\/uploads\/2024\/01\/20230926-mladite-print-by-VanillaRoads-006-2-scaled.jpg\" alt=\"\"\/>\n\t\t\t\t\t\t                <\/div>\n            <\/li>\n\t\t            <li>\n                <div class=\"qodef-image-slider-holder\" style=\"width:423px;height:633px\">\n\t\t\t\t\t                        <img decoding=\"async\" src=\"https:\/\/mladite.ro\/wp-content\/uploads\/2024\/01\/20230926-mladite-print-by-VanillaRoads-009-1-scaled.jpg\" alt=\"\"\/>\n\t\t\t\t\t\t                <\/div>\n            <\/li>\n\t\t            <li>\n                <div class=\"qodef-image-slider-holder\" style=\"width:950px;height:633px\">\n\t\t\t\t\t                        <img decoding=\"async\" src=\"https:\/\/mladite.ro\/wp-content\/uploads\/2024\/01\/20230926-mladite-print-by-VanillaRoads-013-1-scaled.jpg\" alt=\"\"\/>\n\t\t\t\t\t\t                <\/div>\n            <\/li>\n\t\t            <li>\n                <div class=\"qodef-image-slider-holder\" style=\"width:423px;height:633px\">\n\t\t\t\t\t                        <img decoding=\"async\" src=\"https:\/\/mladite.ro\/wp-content\/uploads\/2024\/01\/20230926-mladite-print-by-VanillaRoads-001-1-scaled.jpg\" alt=\"\"\/>\n\t\t\t\t\t\t                <\/div>\n            <\/li>\n\t\t            <li>\n                <div class=\"qodef-image-slider-holder\" style=\"width:423px;height:633px\">\n\t\t\t\t\t                        <img decoding=\"async\" src=\"https:\/\/mladite.ro\/wp-content\/uploads\/2024\/01\/20230926-mladite-print-by-VanillaRoads-002-scaled.jpg\" alt=\"\"\/>\n\t\t\t\t\t\t                <\/div>\n            <\/li>\n\t\t            <li>\n                <div class=\"qodef-image-slider-holder\" style=\"width:950px;height:633px\">\n\t\t\t\t\t                        <img decoding=\"async\" src=\"https:\/\/mladite.ro\/wp-content\/uploads\/2024\/01\/20230926-mladite-print-by-VanillaRoads-005-1-scaled.jpg\" alt=\"\"\/>\n\t\t\t\t\t\t                <\/div>\n            <\/li>\n\t\t            <li>\n                <div class=\"qodef-image-slider-holder\" style=\"width:423px;height:633px\">\n\t\t\t\t\t                        <img decoding=\"async\" src=\"https:\/\/mladite.ro\/wp-content\/uploads\/2024\/01\/20230926-mladite-print-by-VanillaRoads-011-2-scaled.jpg\" alt=\"\"\/>\n\t\t\t\t\t\t                <\/div>\n            <\/li>\n\t\t            <li>\n                <div class=\"qodef-image-slider-holder\" style=\"width:423px;height:633px\">\n\t\t\t\t\t                        <img decoding=\"async\" src=\"https:\/\/mladite.ro\/wp-content\/uploads\/2024\/01\/20230926-mladite-print-by-VanillaRoads-007-scaled.jpg\" alt=\"\"\/>\n\t\t\t\t\t\t                <\/div>\n            <\/li>\n\t\t            <li>\n                <div class=\"qodef-image-slider-holder\" style=\"width:950px;height:633px\">\n\t\t\t\t\t                        <img decoding=\"async\" src=\"https:\/\/mladite.ro\/wp-content\/uploads\/2024\/01\/20230926-mladite-print-by-VanillaRoads-008-2-scaled.jpg\" alt=\"\"\/>\n\t\t\t\t\t\t                <\/div>\n            <\/li>\n\t\t            <li>\n                <div class=\"qodef-image-slider-holder\" style=\"width:423px;height:633px\">\n\t\t\t\t\t                        <img decoding=\"async\" src=\"https:\/\/mladite.ro\/wp-content\/uploads\/2024\/01\/20230926-mladite-print-by-VanillaRoads-012-1-scaled.jpg\" alt=\"\"\/>\n\t\t\t\t\t\t                <\/div>\n            <\/li>\n\t\t    <\/ul>\n<\/div><div class=\"controls\"><a class=\"prev-slide\" href=\"#\"><span class=\"arrow_carrot-left\"><\/span><\/a><a class=\"next-slide\" href=\"#\"><span class=\"arrow_carrot-right\"><\/span><\/a><\/div><\/div>[\/vc_column][\/vc_row][vc_row content_aligment=&#8221;center&#8221; css=&#8221;.vc_custom_1467026470623{padding-top: 90px !important;}&#8221;][vc_column]<div class=\"qodef-image-slider \"><div class=\"qodef-image-slider-inner\" style=\"height: 450px\">\n    <ul>\n\t\t            <li>\n                <div class=\"qodef-image-slider-holder\" style=\"width:495px;height:450px\">\n\t\t\t\t\t                        <img decoding=\"async\" src=\"https:\/\/mladite.ro\/wp-content\/uploads\/2016\/06\/our-story-gallery-image-12.jpg\" alt=\"a\"\/>\n\t\t\t\t\t\t                <\/div>\n            <\/li>\n\t\t            <li>\n                <div class=\"qodef-image-slider-holder\" style=\"width:495px;height:450px\">\n\t\t\t\t\t                        <img decoding=\"async\" src=\"https:\/\/mladite.ro\/wp-content\/uploads\/2016\/06\/our-story-gallery-image-2.jpg\" alt=\"a\"\/>\n\t\t\t\t\t\t                <\/div>\n            <\/li>\n\t\t            <li>\n                <div class=\"qodef-image-slider-holder\" style=\"width:495px;height:450px\">\n\t\t\t\t\t                        <img decoding=\"async\" src=\"https:\/\/mladite.ro\/wp-content\/uploads\/2016\/06\/our-story-gallery-image-11.jpg\" alt=\"a\"\/>\n\t\t\t\t\t\t                <\/div>\n            <\/li>\n\t\t            <li>\n                <div class=\"qodef-image-slider-holder\" style=\"width:495px;height:450px\">\n\t\t\t\t\t                        <img decoding=\"async\" src=\"https:\/\/mladite.ro\/wp-content\/uploads\/2016\/06\/our-story-gallery-image-9.jpg\" alt=\"a\"\/>\n\t\t\t\t\t\t                <\/div>\n            <\/li>\n\t\t    <\/ul>\n<\/div><div class=\"controls\"><a class=\"prev-slide\" href=\"#\"><span class=\"arrow_carrot-left\"><\/span><\/a><a class=\"next-slide\" href=\"#\"><span class=\"arrow_carrot-right\"><\/span><\/a><\/div><\/div>[\/vc_column][\/vc_row]<\/p>\n","protected":false},"excerpt":{"rendered":"<p>[vc_row content_width=&#8221;grid&#8221; content_aligment=&#8221;center&#8221; css=&#8221;.vc_custom_1465561469823{padding-top: 98px !important;padding-bottom: 62px !important;background-color: #f9f9f9 !important;}&#8221;][vc_column][vc_column_text] Produsele noastre [\/vc_column_text][vc_empty_space height=&#8221;10px&#8221;][\/vc_column][\/vc_row][vc_row content_aligment=&#8221;center&#8221;][vc_column][\/vc_column][\/vc_row][vc_row content_aligment=&#8221;center&#8221; css=&#8221;.vc_custom_1467026470623{padding-top: 90px !important;}&#8221;][vc_column][\/vc_column][\/vc_row]<\/p>\n","protected":false},"author":1,"featured_media":0,"parent":0,"menu_order":0,"comment_status":"closed","ping_status":"closed","template":"full-width.php","meta":{"_acf_changed":false,"footnotes":""},"class_list":["post-3132","page","type-page","status-publish","hentry"],"acf":[],"_links":{"self":[{"href":"https:\/\/mladite.ro\/index.php\/wp-json\/wp\/v2\/pages\/3132","targetHints":{"allow":["GET"]}}],"collection":[{"href":"https:\/\/mladite.ro\/index.php\/wp-json\/wp\/v2\/pages"}],"about":[{"href":"https:\/\/mladite.ro\/index.php\/wp-json\/wp\/v2\/types\/page"}],"author":[{"embeddable":true,"href":"https:\/\/mladite.ro\/index.php\/wp-json\/wp\/v2\/users\/1"}],"replies":[{"embeddable":true,"href":"https:\/\/mladite.ro\/index.php\/wp-json\/wp\/v2\/comments?post=3132"}],"version-history":[{"count":11,"href":"https:\/\/mladite.ro\/index.php\/wp-json\/wp\/v2\/pages\/3132\/revisions"}],"predecessor-version":[{"id":4051,"href":"https:\/\/mladite.ro\/index.php\/wp-json\/wp\/v2\/pages\/3132\/revisions\/4051"}],"wp:attachment":[{"href":"https:\/\/mladite.ro\/index.php\/wp-json\/wp\/v2\/media?parent=3132"}],"curies":[{"name":"wp","href":"https:\/\/api.w.org\/{rel}","templated":true}]}}