{"id":1068,"date":"2016-06-07T15:28:17","date_gmt":"2016-06-07T15:28:17","guid":{"rendered":"http:\/\/moments.select-themes.com\/?page_id=1068"},"modified":"2024-03-19T08:42:10","modified_gmt":"2024-03-19T08:42:10","slug":"home-shop-ii","status":"publish","type":"page","link":"https:\/\/mladite.ro\/","title":{"rendered":"Acas\u0103"},"content":{"rendered":"<p>[vc_row content_width=&#8221;grid&#8221; content_aligment=&#8221;center&#8221; css=&#8221;.vc_custom_1465372054491{padding-top: 84px !important;padding-bottom: 71px !important;}&#8221;][vc_column]\n<div class=\"qodef-custom-font-holder\" style=\"font-family: Georgia;font-size: 24px;font-weight: 700;color: #212121\" data-font-size= 24>\nProduse<\/div>[vc_empty_space height=&#8221;19px&#8221;][vc_column_text]Trusouri de botez din muselin\u0103 100% bumbac organic, dublu aerat, produs\u0103 in Rom\u00e2nia, cu elemente vopsite exclusiv natural,cu plante. Credem \u00een creativitatea \u0219i buna calitate a produselor realizate cu suflet de artizani rom\u00e2ni, drept pentru care pentru fiecare element al trusoului de botez am c\u0103utat solu\u021bii locale personalizate.[\/vc_column_text][\/vc_column][\/vc_row][vc_row][vc_column]<div class=\"woocommerce columns-4 \"><ul class=\"products columns-4\">\n<li class=\"product type-product post-3874 status-publish first instock product_cat-trusouri-de-botez has-post-thumbnail shipping-taxable purchasable product-type-variable\">\n    <div class=\"qodef-product-image-holder\">\n\t\t<a href=\"https:\/\/mladite.ro\/index.php\/product\/mladite-de-zmeur\/\" class=\"woocommerce-LoopProduct-link woocommerce-loop-product__link\"><img loading=\"lazy\" decoding=\"async\" width=\"300\" height=\"300\" src=\"https:\/\/mladite.ro\/wp-content\/uploads\/2024\/01\/MP220167-Edit-1-scaled-300x300.jpg\" class=\"attachment-woocommerce_thumbnail size-woocommerce_thumbnail\" alt=\"\" srcset=\"https:\/\/mladite.ro\/wp-content\/uploads\/2024\/01\/MP220167-Edit-1-scaled-300x300.jpg 300w, https:\/\/mladite.ro\/wp-content\/uploads\/2024\/01\/MP220167-Edit-1-scaled-100x100.jpg 100w, https:\/\/mladite.ro\/wp-content\/uploads\/2024\/01\/MP220167-Edit-1-150x150.jpg 150w, https:\/\/mladite.ro\/wp-content\/uploads\/2024\/01\/MP220167-Edit-1-550x550.jpg 550w, https:\/\/mladite.ro\/wp-content\/uploads\/2024\/01\/MP220167-Edit-1-1000x1000.jpg 1000w\" sizes=\"auto, (max-width: 300px) 100vw, 300px\" \/><\/a>        <div class=\"qodef-product-button-holder\">\n\t\t\t<a itemprop=\"url\" href=\"https:\/\/mladite.ro\/index.php\/product\/mladite-de-zmeur\/\" target=\"_self\" style=\"color: #303030;background-color: #ffffff;border-color: #ffffff;font-weight: 600\" class=\"qodef-btn qodef-btn-medium qodef-btn-solid qodef-btn-custom-hover-bg qodef-btn-custom-border-hover qodef-btn-custom-hover-color add_to_cart_button  product_type_variable\" data-hover-bg-color=\"#ffffff\" data-hover-color=\"#c9c9c9\" data-hover-border-color=\"#ffffff\" rel=\"nofollow\" data-product_id=\"3874\"  data-quantity=\"1\">    <span class=\"qodef-btn-text\">Select options<\/span>    <\/a>        <\/div>\n    <\/div>\n\t<a href=\"https:\/\/mladite.ro\/index.php\/product\/mladite-de-zmeur\/\" class=\"woocommerce-LoopProduct-link woocommerce-loop-product__link\"><h6 class=\"qodef-product-list-product-title\">Ml\u0103di\u021be de Zmeur<\/h6><\/a>\n\t<span class=\"price\"><span class=\"woocommerce-Price-amount amount\"><bdi>1.300,00&nbsp;<span class=\"woocommerce-Price-currencySymbol\">lei<\/span><\/bdi><\/span><\/span>\n\n<\/li>\n<li class=\"product type-product post-3889 status-publish instock product_cat-trusouri-de-botez has-post-thumbnail shipping-taxable purchasable product-type-variable\">\n    <div class=\"qodef-product-image-holder\">\n\t\t<a href=\"https:\/\/mladite.ro\/index.php\/product\/mladite-de-lamai\/\" class=\"woocommerce-LoopProduct-link woocommerce-loop-product__link\"><img loading=\"lazy\" decoding=\"async\" width=\"300\" height=\"300\" src=\"https:\/\/mladite.ro\/wp-content\/uploads\/2024\/01\/MP220085-Edit-1-scaled-300x300.jpg\" class=\"attachment-woocommerce_thumbnail size-woocommerce_thumbnail\" alt=\"\" srcset=\"https:\/\/mladite.ro\/wp-content\/uploads\/2024\/01\/MP220085-Edit-1-scaled-300x300.jpg 300w, https:\/\/mladite.ro\/wp-content\/uploads\/2024\/01\/MP220085-Edit-1-scaled-100x100.jpg 100w, https:\/\/mladite.ro\/wp-content\/uploads\/2024\/01\/MP220085-Edit-1-150x150.jpg 150w, https:\/\/mladite.ro\/wp-content\/uploads\/2024\/01\/MP220085-Edit-1-550x550.jpg 550w, https:\/\/mladite.ro\/wp-content\/uploads\/2024\/01\/MP220085-Edit-1-1000x1000.jpg 1000w\" sizes=\"auto, (max-width: 300px) 100vw, 300px\" \/><\/a>        <div class=\"qodef-product-button-holder\">\n\t\t\t<a itemprop=\"url\" href=\"https:\/\/mladite.ro\/index.php\/product\/mladite-de-lamai\/\" target=\"_self\" style=\"color: #303030;background-color: #ffffff;border-color: #ffffff;font-weight: 600\" class=\"qodef-btn qodef-btn-medium qodef-btn-solid qodef-btn-custom-hover-bg qodef-btn-custom-border-hover qodef-btn-custom-hover-color add_to_cart_button  product_type_variable\" data-hover-bg-color=\"#ffffff\" data-hover-color=\"#c9c9c9\" data-hover-border-color=\"#ffffff\" rel=\"nofollow\" data-product_id=\"3889\"  data-quantity=\"1\">    <span class=\"qodef-btn-text\">Select options<\/span>    <\/a>        <\/div>\n    <\/div>\n\t<a href=\"https:\/\/mladite.ro\/index.php\/product\/mladite-de-lamai\/\" class=\"woocommerce-LoopProduct-link woocommerce-loop-product__link\"><h6 class=\"qodef-product-list-product-title\">Ml\u0103di\u021be de L\u0103m\u00e2i<\/h6><\/a>\n\t<span class=\"price\"><span class=\"woocommerce-Price-amount amount\"><bdi>1.300,00&nbsp;<span class=\"woocommerce-Price-currencySymbol\">lei<\/span><\/bdi><\/span><\/span>\n\n<\/li>\n<li class=\"product type-product post-3955 status-publish onbackorder product_cat-trusouri-de-botez has-post-thumbnail shipping-taxable purchasable product-type-variable\">\n    <div class=\"qodef-product-image-holder\">\n\t\t<a href=\"https:\/\/mladite.ro\/index.php\/product\/mladite-de-menta\/\" class=\"woocommerce-LoopProduct-link woocommerce-loop-product__link\"><img loading=\"lazy\" decoding=\"async\" width=\"300\" height=\"300\" src=\"https:\/\/mladite.ro\/wp-content\/uploads\/2024\/01\/MP220114-Edit-scaled-300x300.jpg\" class=\"attachment-woocommerce_thumbnail size-woocommerce_thumbnail\" alt=\"\" srcset=\"https:\/\/mladite.ro\/wp-content\/uploads\/2024\/01\/MP220114-Edit-scaled-300x300.jpg 300w, https:\/\/mladite.ro\/wp-content\/uploads\/2024\/01\/MP220114-Edit-scaled-100x100.jpg 100w, https:\/\/mladite.ro\/wp-content\/uploads\/2024\/01\/MP220114-Edit-150x150.jpg 150w, https:\/\/mladite.ro\/wp-content\/uploads\/2024\/01\/MP220114-Edit-550x550.jpg 550w, https:\/\/mladite.ro\/wp-content\/uploads\/2024\/01\/MP220114-Edit-1000x1000.jpg 1000w\" sizes=\"auto, (max-width: 300px) 100vw, 300px\" \/><\/a>        <div class=\"qodef-product-button-holder\">\n\t\t\t<a itemprop=\"url\" href=\"https:\/\/mladite.ro\/index.php\/product\/mladite-de-menta\/\" target=\"_self\" style=\"color: #303030;background-color: #ffffff;border-color: #ffffff;font-weight: 600\" class=\"qodef-btn qodef-btn-medium qodef-btn-solid qodef-btn-custom-hover-bg qodef-btn-custom-border-hover qodef-btn-custom-hover-color add_to_cart_button  product_type_variable\" data-hover-bg-color=\"#ffffff\" data-hover-color=\"#c9c9c9\" data-hover-border-color=\"#ffffff\" rel=\"nofollow\" data-product_id=\"3955\"  data-quantity=\"1\">    <span class=\"qodef-btn-text\">Select options<\/span>    <\/a>        <\/div>\n    <\/div>\n\t<a href=\"https:\/\/mladite.ro\/index.php\/product\/mladite-de-menta\/\" class=\"woocommerce-LoopProduct-link woocommerce-loop-product__link\"><h6 class=\"qodef-product-list-product-title\">Ml\u0103di\u021be de Ment\u0103<\/h6><\/a>\n\t<span class=\"price\"><span class=\"woocommerce-Price-amount amount\"><bdi>1.300,00&nbsp;<span class=\"woocommerce-Price-currencySymbol\">lei<\/span><\/bdi><\/span><\/span>\n\n<\/li>\n<li class=\"product type-product post-3976 status-publish last instock product_cat-trusouri-de-botez has-post-thumbnail shipping-taxable purchasable product-type-variable\">\n    <div class=\"qodef-product-image-holder\">\n\t\t<a href=\"https:\/\/mladite.ro\/index.php\/product\/mladite-de-maslin\/\" class=\"woocommerce-LoopProduct-link woocommerce-loop-product__link\"><img loading=\"lazy\" decoding=\"async\" width=\"300\" height=\"300\" src=\"https:\/\/mladite.ro\/wp-content\/uploads\/2024\/01\/MP220145-Edit-scaled-300x300.jpg\" class=\"attachment-woocommerce_thumbnail size-woocommerce_thumbnail\" alt=\"\" srcset=\"https:\/\/mladite.ro\/wp-content\/uploads\/2024\/01\/MP220145-Edit-scaled-300x300.jpg 300w, https:\/\/mladite.ro\/wp-content\/uploads\/2024\/01\/MP220145-Edit-scaled-100x100.jpg 100w, https:\/\/mladite.ro\/wp-content\/uploads\/2024\/01\/MP220145-Edit-150x150.jpg 150w, https:\/\/mladite.ro\/wp-content\/uploads\/2024\/01\/MP220145-Edit-550x550.jpg 550w, https:\/\/mladite.ro\/wp-content\/uploads\/2024\/01\/MP220145-Edit-1000x1000.jpg 1000w\" sizes=\"auto, (max-width: 300px) 100vw, 300px\" \/><\/a>        <div class=\"qodef-product-button-holder\">\n\t\t\t<a itemprop=\"url\" href=\"https:\/\/mladite.ro\/index.php\/product\/mladite-de-maslin\/\" target=\"_self\" style=\"color: #303030;background-color: #ffffff;border-color: #ffffff;font-weight: 600\" class=\"qodef-btn qodef-btn-medium qodef-btn-solid qodef-btn-custom-hover-bg qodef-btn-custom-border-hover qodef-btn-custom-hover-color add_to_cart_button  product_type_variable\" data-hover-bg-color=\"#ffffff\" data-hover-color=\"#c9c9c9\" data-hover-border-color=\"#ffffff\" rel=\"nofollow\" data-product_id=\"3976\"  data-quantity=\"1\">    <span class=\"qodef-btn-text\">Select options<\/span>    <\/a>        <\/div>\n    <\/div>\n\t<a href=\"https:\/\/mladite.ro\/index.php\/product\/mladite-de-maslin\/\" class=\"woocommerce-LoopProduct-link woocommerce-loop-product__link\"><h6 class=\"qodef-product-list-product-title\">Ml\u0103di\u021be de M\u0103slin<\/h6><\/a>\n\t<span class=\"price\"><span class=\"woocommerce-Price-amount amount\"><bdi>1.300,00&nbsp;<span class=\"woocommerce-Price-currencySymbol\">lei<\/span><\/bdi><\/span><\/span>\n\n<\/li>\n<li class=\"product type-product post-3989 status-publish first instock product_cat-trusouri-de-botez has-post-thumbnail shipping-taxable purchasable product-type-variable\">\n    <div class=\"qodef-product-image-holder\">\n\t\t<a href=\"https:\/\/mladite.ro\/index.php\/product\/mladite-de-portocal\/\" class=\"woocommerce-LoopProduct-link woocommerce-loop-product__link\"><img loading=\"lazy\" decoding=\"async\" width=\"300\" height=\"300\" src=\"https:\/\/mladite.ro\/wp-content\/uploads\/2024\/01\/MP220204-scaled-300x300.jpg\" class=\"attachment-woocommerce_thumbnail size-woocommerce_thumbnail\" alt=\"\" srcset=\"https:\/\/mladite.ro\/wp-content\/uploads\/2024\/01\/MP220204-scaled-300x300.jpg 300w, https:\/\/mladite.ro\/wp-content\/uploads\/2024\/01\/MP220204-scaled-100x100.jpg 100w, https:\/\/mladite.ro\/wp-content\/uploads\/2024\/01\/MP220204-150x150.jpg 150w, https:\/\/mladite.ro\/wp-content\/uploads\/2024\/01\/MP220204-550x550.jpg 550w, https:\/\/mladite.ro\/wp-content\/uploads\/2024\/01\/MP220204-1000x1000.jpg 1000w\" sizes=\"auto, (max-width: 300px) 100vw, 300px\" \/><\/a>        <div class=\"qodef-product-button-holder\">\n\t\t\t<a itemprop=\"url\" href=\"https:\/\/mladite.ro\/index.php\/product\/mladite-de-portocal\/\" target=\"_self\" style=\"color: #303030;background-color: #ffffff;border-color: #ffffff;font-weight: 600\" class=\"qodef-btn qodef-btn-medium qodef-btn-solid qodef-btn-custom-hover-bg qodef-btn-custom-border-hover qodef-btn-custom-hover-color add_to_cart_button  product_type_variable\" data-hover-bg-color=\"#ffffff\" data-hover-color=\"#c9c9c9\" data-hover-border-color=\"#ffffff\" rel=\"nofollow\" data-product_id=\"3989\"  data-quantity=\"1\">    <span class=\"qodef-btn-text\">Select options<\/span>    <\/a>        <\/div>\n    <\/div>\n\t<a href=\"https:\/\/mladite.ro\/index.php\/product\/mladite-de-portocal\/\" class=\"woocommerce-LoopProduct-link woocommerce-loop-product__link\"><h6 class=\"qodef-product-list-product-title\">Ml\u0103di\u021be de Portocal<\/h6><\/a>\n\t<span class=\"price\"><span class=\"woocommerce-Price-amount amount\"><bdi>1.300,00&nbsp;<span class=\"woocommerce-Price-currencySymbol\">lei<\/span><\/bdi><\/span><\/span>\n\n<\/li>\n<li class=\"product type-product post-3993 status-publish instock product_cat-trusouri-de-botez has-post-thumbnail shipping-taxable purchasable product-type-variable\">\n    <div class=\"qodef-product-image-holder\">\n\t\t<a href=\"https:\/\/mladite.ro\/index.php\/product\/mladite-canepa\/\" class=\"woocommerce-LoopProduct-link woocommerce-loop-product__link\"><img loading=\"lazy\" decoding=\"async\" width=\"300\" height=\"300\" src=\"https:\/\/mladite.ro\/wp-content\/uploads\/2024\/01\/MP220037-Edit-Edit-scaled-300x300.jpg\" class=\"attachment-woocommerce_thumbnail size-woocommerce_thumbnail\" alt=\"\" srcset=\"https:\/\/mladite.ro\/wp-content\/uploads\/2024\/01\/MP220037-Edit-Edit-scaled-300x300.jpg 300w, https:\/\/mladite.ro\/wp-content\/uploads\/2024\/01\/MP220037-Edit-Edit-scaled-100x100.jpg 100w, https:\/\/mladite.ro\/wp-content\/uploads\/2024\/01\/MP220037-Edit-Edit-150x150.jpg 150w, https:\/\/mladite.ro\/wp-content\/uploads\/2024\/01\/MP220037-Edit-Edit-550x550.jpg 550w, https:\/\/mladite.ro\/wp-content\/uploads\/2024\/01\/MP220037-Edit-Edit-1000x1000.jpg 1000w\" sizes=\"auto, (max-width: 300px) 100vw, 300px\" \/><\/a>        <div class=\"qodef-product-button-holder\">\n\t\t\t<a itemprop=\"url\" href=\"https:\/\/mladite.ro\/index.php\/product\/mladite-canepa\/\" target=\"_self\" style=\"color: #303030;background-color: #ffffff;border-color: #ffffff;font-weight: 600\" class=\"qodef-btn qodef-btn-medium qodef-btn-solid qodef-btn-custom-hover-bg qodef-btn-custom-border-hover qodef-btn-custom-hover-color add_to_cart_button  product_type_variable\" data-hover-bg-color=\"#ffffff\" data-hover-color=\"#c9c9c9\" data-hover-border-color=\"#ffffff\" rel=\"nofollow\" data-product_id=\"3993\"  data-quantity=\"1\">    <span class=\"qodef-btn-text\">Select options<\/span>    <\/a>        <\/div>\n    <\/div>\n\t<a href=\"https:\/\/mladite.ro\/index.php\/product\/mladite-canepa\/\" class=\"woocommerce-LoopProduct-link woocommerce-loop-product__link\"><h6 class=\"qodef-product-list-product-title\">Ml\u0103di\u021be de C\u00e2nep\u0103<\/h6><\/a>\n\t<span class=\"price\"><span class=\"woocommerce-Price-amount amount\"><bdi>1.300,00&nbsp;<span class=\"woocommerce-Price-currencySymbol\">lei<\/span><\/bdi><\/span><\/span>\n\n<\/li>\n<li class=\"product type-product post-3998 status-publish instock product_cat-trusouri-de-botez has-post-thumbnail shipping-taxable purchasable product-type-variable\">\n    <div class=\"qodef-product-image-holder\">\n\t\t<a href=\"https:\/\/mladite.ro\/index.php\/product\/mladite-bumbac\/\" class=\"woocommerce-LoopProduct-link woocommerce-loop-product__link\"><img loading=\"lazy\" decoding=\"async\" width=\"300\" height=\"300\" src=\"https:\/\/mladite.ro\/wp-content\/uploads\/2024\/01\/MP220253-Edit-scaled-300x300.jpg\" class=\"attachment-woocommerce_thumbnail size-woocommerce_thumbnail\" alt=\"\" srcset=\"https:\/\/mladite.ro\/wp-content\/uploads\/2024\/01\/MP220253-Edit-scaled-300x300.jpg 300w, https:\/\/mladite.ro\/wp-content\/uploads\/2024\/01\/MP220253-Edit-scaled-100x100.jpg 100w, https:\/\/mladite.ro\/wp-content\/uploads\/2024\/01\/MP220253-Edit-150x150.jpg 150w, https:\/\/mladite.ro\/wp-content\/uploads\/2024\/01\/MP220253-Edit-550x550.jpg 550w, https:\/\/mladite.ro\/wp-content\/uploads\/2024\/01\/MP220253-Edit-1000x1000.jpg 1000w\" sizes=\"auto, (max-width: 300px) 100vw, 300px\" \/><\/a>        <div class=\"qodef-product-button-holder\">\n\t\t\t<a itemprop=\"url\" href=\"https:\/\/mladite.ro\/index.php\/product\/mladite-bumbac\/\" target=\"_self\" style=\"color: #303030;background-color: #ffffff;border-color: #ffffff;font-weight: 600\" class=\"qodef-btn qodef-btn-medium qodef-btn-solid qodef-btn-custom-hover-bg qodef-btn-custom-border-hover qodef-btn-custom-hover-color add_to_cart_button  product_type_variable\" data-hover-bg-color=\"#ffffff\" data-hover-color=\"#c9c9c9\" data-hover-border-color=\"#ffffff\" rel=\"nofollow\" data-product_id=\"3998\"  data-quantity=\"1\">    <span class=\"qodef-btn-text\">Select options<\/span>    <\/a>        <\/div>\n    <\/div>\n\t<a href=\"https:\/\/mladite.ro\/index.php\/product\/mladite-bumbac\/\" class=\"woocommerce-LoopProduct-link woocommerce-loop-product__link\"><h6 class=\"qodef-product-list-product-title\">Ml\u0103di\u021be de Bumbac<\/h6><\/a>\n\t<span class=\"price\"><span class=\"woocommerce-Price-amount amount\"><bdi>1.300,00&nbsp;<span class=\"woocommerce-Price-currencySymbol\">lei<\/span><\/bdi><\/span><\/span>\n\n<\/li>\n<\/ul>\n<\/div>[\/vc_column][\/vc_row]<\/p>\n","protected":false},"excerpt":{"rendered":"<p>[vc_row content_width=&#8221;grid&#8221; content_aligment=&#8221;center&#8221; css=&#8221;.vc_custom_1465372054491{padding-top: 84px !important;padding-bottom: 71px !important;}&#8221;][vc_column][vc_empty_space height=&#8221;19px&#8221;][vc_column_text]Trusouri de botez din muselin\u0103 100% bumbac organic, dublu aerat, produs\u0103 in Rom\u00e2nia, cu elemente vopsite exclusiv natural,cu plante. Credem \u00een creativitatea \u0219i buna calitate a produselor realizate cu suflet de artizani rom\u00e2ni, drept pentru care pentru fiecare element al trusoului de botez am c\u0103utat solu\u021bii locale personalizate.[\/vc_column_text][\/vc_column][\/vc_row][vc_row][vc_column][\/vc_column][\/vc_row]<\/p>\n","protected":false},"author":1,"featured_media":0,"parent":0,"menu_order":0,"comment_status":"closed","ping_status":"closed","template":"full-width.php","meta":{"_acf_changed":false,"footnotes":""},"class_list":["post-1068","page","type-page","status-publish","hentry"],"acf":[],"_links":{"self":[{"href":"https:\/\/mladite.ro\/index.php\/wp-json\/wp\/v2\/pages\/1068","targetHints":{"allow":["GET"]}}],"collection":[{"href":"https:\/\/mladite.ro\/index.php\/wp-json\/wp\/v2\/pages"}],"about":[{"href":"https:\/\/mladite.ro\/index.php\/wp-json\/wp\/v2\/types\/page"}],"author":[{"embeddable":true,"href":"https:\/\/mladite.ro\/index.php\/wp-json\/wp\/v2\/users\/1"}],"replies":[{"embeddable":true,"href":"https:\/\/mladite.ro\/index.php\/wp-json\/wp\/v2\/comments?post=1068"}],"version-history":[{"count":16,"href":"https:\/\/mladite.ro\/index.php\/wp-json\/wp\/v2\/pages\/1068\/revisions"}],"predecessor-version":[{"id":4135,"href":"https:\/\/mladite.ro\/index.php\/wp-json\/wp\/v2\/pages\/1068\/revisions\/4135"}],"wp:attachment":[{"href":"https:\/\/mladite.ro\/index.php\/wp-json\/wp\/v2\/media?parent=1068"}],"curies":[{"name":"wp","href":"https:\/\/api.w.org\/{rel}","templated":true}]}}